{"id":127,"date":"2016-06-21T15:25:10","date_gmt":"2016-06-21T15:25:10","guid":{"rendered":"http:\/\/themebubble.com\/demo\/adios\/?page_id=127"},"modified":"2024-11-13T14:27:45","modified_gmt":"2024-11-13T13:27:45","slug":"home","status":"publish","type":"page","link":"https:\/\/lauralyson.com\/","title":{"rendered":"HOME"},"content":{"rendered":"\t\t<div data-elementor-type=\"wp-post\" data-elementor-id=\"127\" class=\"elementor elementor-127\" data-elementor-post-type=\"page\">\n\t\t\t\t\t\t<section class=\"elementor-section elementor-top-section elementor-element elementor-element-491e90 elementor-section-boxed elementor-section-height-default elementor-section-height-default\" data-id=\"491e90\" data-element_type=\"section\" data-e-type=\"section\">\n\t\t\t\t\t\t<div class=\"elementor-container elementor-column-gap-default\">\n\t\t\t\t\t<div class=\"elementor-column elementor-col-100 elementor-top-column elementor-element elementor-element-1fb79269\" data-id=\"1fb79269\" data-element_type=\"column\" data-e-type=\"column\">\n\t\t\t<div class=\"elementor-widget-wrap elementor-element-populated\">\n\t\t\t\t\t\t\t<\/div>\n\t\t<\/div>\n\t\t\t\t\t<\/div>\n\t\t<\/section>\n\t\t<div class=\"elementor-element elementor-element-c299395 e-flex e-con-boxed e-con e-parent\" data-id=\"c299395\" data-element_type=\"container\" data-e-type=\"container\">\n\t\t\t\t\t<div class=\"e-con-inner\">\n\t\t<div class=\"elementor-element elementor-element-75307a7c e-con-full e-flex e-con e-child\" data-id=\"75307a7c\" data-element_type=\"container\" data-e-type=\"container\">\n\t\t\t\t<div class=\"elementor-element elementor-element-202b0403 elementor-widget elementor-widget-heading\" data-id=\"202b0403\" data-element_type=\"widget\" data-e-type=\"widget\" data-widget_type=\"heading.default\">\n\t\t\t\t<div class=\"elementor-widget-container\">\n\t\t\t\t\t<h1 class=\"elementor-heading-title elementor-size-default\">LAURA LYSON<\/h1>\t\t\t\t<\/div>\n\t\t\t\t<\/div>\n\t\t\t\t<div class=\"elementor-element elementor-element-a4ef25b elementor-widget elementor-widget-text-editor\" data-id=\"a4ef25b\" data-element_type=\"widget\" data-e-type=\"widget\" data-widget_type=\"text-editor.default\">\n\t\t\t\t<div class=\"elementor-widget-container\">\n\t\t\t\t\t\t\t\t\t<p>PHOTOGRAPHE COMMERCIAL<\/p>\t\t\t\t\t\t\t\t<\/div>\n\t\t\t\t<\/div>\n\t\t\t\t<\/div>\n\t\t\t\t\t<\/div>\n\t\t\t\t<\/div>\n\t\t<div class=\"elementor-element elementor-element-35da7463 e-flex e-con-boxed e-con e-parent\" data-id=\"35da7463\" data-element_type=\"container\" data-e-type=\"container\" data-settings=\"{&quot;background_background&quot;:&quot;classic&quot;}\">\n\t\t\t\t\t<div class=\"e-con-inner\">\n\t\t<div class=\"elementor-element elementor-element-88aab91 e-con-full e-flex e-con e-child\" data-id=\"88aab91\" data-element_type=\"container\" data-e-type=\"container\">\n\t\t\t\t<div class=\"elementor-element elementor-element-ff1b295 elementor-widget-tablet__width-initial elementor-invisible elementor-widget elementor-widget-image\" data-id=\"ff1b295\" data-element_type=\"widget\" data-e-type=\"widget\" data-settings=\"{&quot;_animation&quot;:&quot;fadeInUp&quot;,&quot;_animation_mobile&quot;:&quot;fadeIn&quot;,&quot;_animation_delay&quot;:400}\" data-widget_type=\"image.default\">\n\t\t\t\t<div class=\"elementor-widget-container\">\n\t\t\t\t\t\t\t\t\t\t\t\t\t\t\t\t<a href=\"https:\/\/lauralyson.com\/wp-content\/uploads\/2024\/10\/2022-10-19-165231-packshot-publicitaire-Laura-LYSON-www.lauralyson.com_.jpg\">\n\t\t\t\t\t\t\t<img decoding=\"async\" src=\"https:\/\/lauralyson.com\/wp-content\/uploads\/elementor\/thumbs\/2022-10-19-165231-packshot-publicitaire-Laura-LYSON-www.lauralyson.com_-qw2rdqyyeer2bss44y656oga2gfwqe4eawztkcuam0.jpg\" title=\"PHOTOGRAPHE &#8211; LAURA LYSON\" alt=\"PHOTOGRAPHE - LAURA LYSON\" loading=\"lazy\" \/>\t\t\t\t\t\t\t\t<\/a>\n\t\t\t\t\t\t\t\t\t\t\t\t\t\t\t<\/div>\n\t\t\t\t<\/div>\n\t\t\t\t<div class=\"elementor-element elementor-element-b18fa58 elementor-widget-tablet__width-initial elementor-widget__width-initial elementor-invisible elementor-widget elementor-widget-image\" data-id=\"b18fa58\" data-element_type=\"widget\" data-e-type=\"widget\" data-settings=\"{&quot;_animation_mobile&quot;:&quot;fadeIn&quot;,&quot;_animation_delay&quot;:200,&quot;_animation&quot;:&quot;fadeInUp&quot;}\" data-widget_type=\"image.default\">\n\t\t\t\t<div class=\"elementor-widget-container\">\n\t\t\t\t\t\t\t\t\t\t\t\t\t\t\t\t<a href=\"https:\/\/lauralyson.com\/wp-content\/uploads\/2024\/10\/2024-06-12-125410-Architecture-Laura-LYSON-www.lauralyson.com_.jpg\">\n\t\t\t\t\t\t\t<img decoding=\"async\" src=\"https:\/\/lauralyson.com\/wp-content\/uploads\/elementor\/thumbs\/2024-06-12-125410-Architecture-Laura-LYSON-www.lauralyson.com_-qw2qennu17xtqgxoyxwuik8f13n5zbkm6x3wg0x5ra.jpg\" title=\"Photographie d&#8217;architecture\" alt=\"Photographie d&#039;architecture\" loading=\"lazy\" \/>\t\t\t\t\t\t\t\t<\/a>\n\t\t\t\t\t\t\t\t\t\t\t\t\t\t\t<\/div>\n\t\t\t\t<\/div>\n\t\t\t\t<div class=\"elementor-element elementor-element-6879944 elementor-widget-tablet__width-initial elementor-widget__width-initial elementor-invisible elementor-widget elementor-widget-image\" data-id=\"6879944\" data-element_type=\"widget\" data-e-type=\"widget\" data-settings=\"{&quot;_animation_mobile&quot;:&quot;fadeIn&quot;,&quot;_animation_delay&quot;:&quot;200&quot;,&quot;_animation&quot;:&quot;fadeInUp&quot;}\" data-widget_type=\"image.default\">\n\t\t\t\t<div class=\"elementor-widget-container\">\n\t\t\t\t\t\t\t\t\t\t\t\t\t\t\t\t<a href=\"https:\/\/lauralyson.com\/wp-content\/uploads\/2024\/10\/2024-06-12-130120-Architecture-Laura-LYSON-www.lauralyson.com_-1.jpg\">\n\t\t\t\t\t\t\t<img fetchpriority=\"high\" decoding=\"async\" width=\"801\" height=\"1200\" src=\"https:\/\/lauralyson.com\/wp-content\/uploads\/2024\/10\/2024-06-12-130120-Architecture-Laura-LYSON-www.lauralyson.com_-1.jpg\" class=\"attachment-full size-full wp-image-4315\" alt=\"\" srcset=\"https:\/\/lauralyson.com\/wp-content\/uploads\/2024\/10\/2024-06-12-130120-Architecture-Laura-LYSON-www.lauralyson.com_-1.jpg 801w, https:\/\/lauralyson.com\/wp-content\/uploads\/2024\/10\/2024-06-12-130120-Architecture-Laura-LYSON-www.lauralyson.com_-1-768x1151.jpg 768w, https:\/\/lauralyson.com\/wp-content\/uploads\/2024\/10\/2024-06-12-130120-Architecture-Laura-LYSON-www.lauralyson.com_-1-600x899.jpg 600w\" sizes=\"(max-width: 801px) 100vw, 801px\" \/>\t\t\t\t\t\t\t\t<\/a>\n\t\t\t\t\t\t\t\t\t\t\t\t\t\t\t<\/div>\n\t\t\t\t<\/div>\n\t\t\t\t<div class=\"elementor-element elementor-element-f0c3d65 elementor-widget-tablet__width-initial elementor-invisible elementor-widget elementor-widget-image\" data-id=\"f0c3d65\" data-element_type=\"widget\" data-e-type=\"widget\" data-settings=\"{&quot;_animation&quot;:&quot;fadeInUp&quot;,&quot;_animation_mobile&quot;:&quot;fadeIn&quot;,&quot;_animation_delay&quot;:200}\" data-widget_type=\"image.default\">\n\t\t\t\t<div class=\"elementor-widget-container\">\n\t\t\t\t\t\t\t\t\t\t\t\t\t\t\t\t<a href=\"https:\/\/lauralyson.com\/wp-content\/uploads\/2024\/10\/2023-08-28-124532-packshot-publicitaire-Laura-LYSON-www.lauralyson.com_.jpg\">\n\t\t\t\t\t\t\t<img decoding=\"async\" src=\"https:\/\/lauralyson.com\/wp-content\/uploads\/elementor\/thumbs\/2023-08-28-124532-packshot-publicitaire-Laura-LYSON-www.lauralyson.com_-qw2rff4lby9jtfjaatzk1a9ffmfz15iokvnk5mesv4.jpg\" title=\"PHOTOGRAPHE &#8211; LAURA LYSON\" alt=\"PHOTOGRAPHE - LAURA LYSON\" loading=\"lazy\" \/>\t\t\t\t\t\t\t\t<\/a>\n\t\t\t\t\t\t\t\t\t\t\t\t\t\t\t<\/div>\n\t\t\t\t<\/div>\n\t\t\t\t<div class=\"elementor-element elementor-element-5219df9 elementor-widget-tablet__width-initial elementor-widget__width-initial elementor-invisible elementor-widget elementor-widget-image\" data-id=\"5219df9\" data-element_type=\"widget\" data-e-type=\"widget\" data-settings=\"{&quot;_animation&quot;:&quot;fadeInUp&quot;,&quot;_animation_mobile&quot;:&quot;fadeIn&quot;,&quot;_animation_delay&quot;:400}\" data-widget_type=\"image.default\">\n\t\t\t\t<div class=\"elementor-widget-container\">\n\t\t\t\t\t\t\t\t\t\t\t\t\t\t\t\t<a href=\"https:\/\/lauralyson.com\/wp-content\/uploads\/2024\/10\/2023-04-25-142849-Packshot-publicitaire-Laura-LYSON-www.lauralyson.com_.jpg\">\n\t\t\t\t\t\t\t<img decoding=\"async\" src=\"https:\/\/lauralyson.com\/wp-content\/uploads\/elementor\/thumbs\/2023-04-25-142849-Packshot-publicitaire-Laura-LYSON-www.lauralyson.com_-qw2rf9hlestp16kxalqi7ap0isz74u4tuetzeelhky.jpg\" title=\"PHOTOGRAPHE &#8211; LAURA LYSON\" alt=\"PHOTOGRAPHE - LAURA LYSON\" loading=\"lazy\" \/>\t\t\t\t\t\t\t\t<\/a>\n\t\t\t\t\t\t\t\t\t\t\t\t\t\t\t<\/div>\n\t\t\t\t<\/div>\n\t\t\t\t<\/div>\n\t\t\t\t\t<\/div>\n\t\t\t\t<\/div>\n\t\t<div class=\"elementor-element elementor-element-49705127 e-flex e-con-boxed e-con e-parent\" data-id=\"49705127\" data-element_type=\"container\" data-e-type=\"container\" data-settings=\"{&quot;background_background&quot;:&quot;classic&quot;}\">\n\t\t\t\t\t<div class=\"e-con-inner\">\n\t\t<div class=\"elementor-element elementor-element-7fa090d9 e-flex e-con-boxed e-con e-child\" data-id=\"7fa090d9\" data-element_type=\"container\" data-e-type=\"container\">\n\t\t\t\t\t<div class=\"e-con-inner\">\n\t\t\t\t<div class=\"elementor-element elementor-element-7de3d13 elementor-widget elementor-widget-heading\" data-id=\"7de3d13\" data-element_type=\"widget\" data-e-type=\"widget\" data-widget_type=\"heading.default\">\n\t\t\t\t<div class=\"elementor-widget-container\">\n\t\t\t\t\t<h1 class=\"elementor-heading-title elementor-size-default\">La photographie commerciale au service de votre entreprise !<\/h1>\t\t\t\t<\/div>\n\t\t\t\t<\/div>\n\t\t\t\t<div class=\"elementor-element elementor-element-40f138e6 elementor-widget elementor-widget-text-editor\" data-id=\"40f138e6\" data-element_type=\"widget\" data-e-type=\"widget\" data-widget_type=\"text-editor.default\">\n\t\t\t\t<div class=\"elementor-widget-container\">\n\t\t\t\t\t\t\t\t\t<div><p>Plongez dans mon univers visuel o\u00f9 chaque image raconte une histoire unique ! <br \/>En tant que photographe commercial sp\u00e9cialis\u00e9 dans le packshot, l&#8217;architecture et le reportage, je mets mon expertise au service de entreprise. Que ce soit pour sublimer vos produits, capturer les espaces architecturaux ou mettre en avant votre savoir faire ou votre \u00e9v\u00e8nement , je m&#8217;engage \u00e0 vous offrir des images de qualit\u00e9s.<\/p><\/div><div>\u00a0<\/div>\t\t\t\t\t\t\t\t<\/div>\n\t\t\t\t<\/div>\n\t\t\t\t\t<\/div>\n\t\t\t\t<\/div>\n\t\t\t\t\t<\/div>\n\t\t\t\t<\/div>\n\t\t<div class=\"elementor-element elementor-element-bd3bc5d e-flex e-con-boxed e-con e-parent\" data-id=\"bd3bc5d\" data-element_type=\"container\" data-e-type=\"container\">\n\t\t\t\t\t<div class=\"e-con-inner\">\n\t\t<div class=\"elementor-element elementor-element-63fa27c e-con-full e-flex e-con e-child\" data-id=\"63fa27c\" data-element_type=\"container\" data-e-type=\"container\">\n\t\t\t\t<div class=\"elementor-element elementor-element-5f5eed7 elementor-cta--skin-cover elementor-animated-content elementor-bg-transform elementor-bg-transform-zoom-in elementor-widget elementor-widget-call-to-action\" data-id=\"5f5eed7\" data-element_type=\"widget\" data-e-type=\"widget\" data-widget_type=\"call-to-action.default\">\n\t\t\t\t<div class=\"elementor-widget-container\">\n\t\t\t\t\t\t\t<div class=\"elementor-cta\">\n\t\t\t\t\t<div class=\"elementor-cta__bg-wrapper\">\n\t\t\t\t<div class=\"elementor-cta__bg elementor-bg\" style=\"background-image: url(https:\/\/lauralyson.com\/wp-content\/uploads\/2024\/10\/2024-06-12-125410-Architecture-Laura-LYSON-www.lauralyson.com_.jpg);\" role=\"img\" aria-label=\"Photographie d&#039;architecture\"><\/div>\n\t\t\t\t<div class=\"elementor-cta__bg-overlay\"><\/div>\n\t\t\t<\/div>\n\t\t\t\t\t\t\t<div class=\"elementor-cta__content\">\n\t\t\t\t\n\t\t\t\t\t\t\t\t\t<h2 class=\"elementor-cta__title elementor-cta__content-item elementor-content-item elementor-animated-item--grow\">\n\t\t\t\t\t\tARCHITECTURE\t\t\t\t\t<\/h2>\n\t\t\t\t\n\t\t\t\t\n\t\t\t\t\t\t\t\t\t<div class=\"elementor-cta__button-wrapper elementor-cta__content-item elementor-content-item elementor-animated-item--grow\">\n\t\t\t\t\t<a class=\"elementor-cta__button elementor-button elementor-size-xs\" href=\"https:\/\/lauralyson.com\/index.php\/home\/photographe-darchitecture\/\">\n\t\t\t\t\t\tCliquez ici\t\t\t\t\t<\/a>\n\t\t\t\t\t<\/div>\n\t\t\t\t\t\t\t<\/div>\n\t\t\t\t\t\t<\/div>\n\t\t\t\t\t\t<\/div>\n\t\t\t\t<\/div>\n\t\t\t\t<\/div>\n\t\t<div class=\"elementor-element elementor-element-ab5648e e-con-full e-flex e-con e-child\" data-id=\"ab5648e\" data-element_type=\"container\" data-e-type=\"container\">\n\t\t\t\t<div class=\"elementor-element elementor-element-da728b1 elementor-cta--skin-cover elementor-animated-content elementor-bg-transform elementor-bg-transform-zoom-in elementor-widget elementor-widget-call-to-action\" data-id=\"da728b1\" data-element_type=\"widget\" data-e-type=\"widget\" data-widget_type=\"call-to-action.default\">\n\t\t\t\t<div class=\"elementor-widget-container\">\n\t\t\t\t\t\t\t<div class=\"elementor-cta\">\n\t\t\t\t\t<div class=\"elementor-cta__bg-wrapper\">\n\t\t\t\t<div class=\"elementor-cta__bg elementor-bg\" style=\"background-image: url(https:\/\/lauralyson.com\/wp-content\/uploads\/2024\/10\/2023-08-28-124532-packshot-publicitaire-Laura-LYSON-www.lauralyson.com_.jpg);\" role=\"img\" aria-label=\"PHOTOGRAPHE - LAURA LYSON\"><\/div>\n\t\t\t\t<div class=\"elementor-cta__bg-overlay\"><\/div>\n\t\t\t<\/div>\n\t\t\t\t\t\t\t<div class=\"elementor-cta__content\">\n\t\t\t\t\n\t\t\t\t\t\t\t\t\t<h2 class=\"elementor-cta__title elementor-cta__content-item elementor-content-item elementor-animated-item--grow\">\n\t\t\t\t\t\tPACKSHOT\t\t\t\t\t<\/h2>\n\t\t\t\t\n\t\t\t\t\n\t\t\t\t\t\t\t\t\t<div class=\"elementor-cta__button-wrapper elementor-cta__content-item elementor-content-item elementor-animated-item--grow\">\n\t\t\t\t\t<a class=\"elementor-cta__button elementor-button elementor-size-xs\" href=\"https:\/\/lauralyson.com\/index.php\/home\/photographe-de-packshot\/\">\n\t\t\t\t\t\tCliquez ici\t\t\t\t\t<\/a>\n\t\t\t\t\t<\/div>\n\t\t\t\t\t\t\t<\/div>\n\t\t\t\t\t\t<\/div>\n\t\t\t\t\t\t<\/div>\n\t\t\t\t<\/div>\n\t\t\t\t<\/div>\n\t\t<div class=\"elementor-element elementor-element-3141d1f e-con-full e-flex e-con e-child\" data-id=\"3141d1f\" data-element_type=\"container\" data-e-type=\"container\">\n\t\t\t\t<div class=\"elementor-element elementor-element-791df47 elementor-cta--skin-cover elementor-animated-content elementor-bg-transform elementor-bg-transform-zoom-in elementor-widget elementor-widget-call-to-action\" data-id=\"791df47\" data-element_type=\"widget\" data-e-type=\"widget\" data-widget_type=\"call-to-action.default\">\n\t\t\t\t<div class=\"elementor-widget-container\">\n\t\t\t\t\t\t\t<div class=\"elementor-cta\">\n\t\t\t\t\t<div class=\"elementor-cta__bg-wrapper\">\n\t\t\t\t<div class=\"elementor-cta__bg elementor-bg\" style=\"background-image: url(https:\/\/lauralyson.com\/wp-content\/uploads\/2024\/10\/2024-06-30-111441-Yoga-Estelle-Lafaye-Laura-LYSON-www.lauralyson.com_.jpg);\" role=\"img\" aria-label=\"2024-06-30-111441-Yoga Estelle Lafaye-Laura LYSON-www.lauralyson.com\"><\/div>\n\t\t\t\t<div class=\"elementor-cta__bg-overlay\"><\/div>\n\t\t\t<\/div>\n\t\t\t\t\t\t\t<div class=\"elementor-cta__content\">\n\t\t\t\t\n\t\t\t\t\t\t\t\t\t<h2 class=\"elementor-cta__title elementor-cta__content-item elementor-content-item elementor-animated-item--grow\">\n\t\t\t\t\t\tREPORTAGE\t\t\t\t\t<\/h2>\n\t\t\t\t\n\t\t\t\t\n\t\t\t\t\t\t\t\t\t<div class=\"elementor-cta__button-wrapper elementor-cta__content-item elementor-content-item elementor-animated-item--grow\">\n\t\t\t\t\t<a class=\"elementor-cta__button elementor-button elementor-size-xs\" href=\"https:\/\/lauralyson.com\/index.php\/home\/photographe-de-reportage\/\">\n\t\t\t\t\t\tCliquez ici\t\t\t\t\t<\/a>\n\t\t\t\t\t<\/div>\n\t\t\t\t\t\t\t<\/div>\n\t\t\t\t\t\t<\/div>\n\t\t\t\t\t\t<\/div>\n\t\t\t\t<\/div>\n\t\t\t\t<\/div>\n\t\t\t\t\t<\/div>\n\t\t\t\t<\/div>\n\t\t<div class=\"elementor-element elementor-element-93a3c3b e-flex e-con-boxed e-con e-parent\" data-id=\"93a3c3b\" data-element_type=\"container\" data-e-type=\"container\">\n\t\t\t\t\t<div class=\"e-con-inner\">\n\t\t\t\t<div class=\"elementor-element elementor-element-12b17d7 elementor-widget elementor-widget-heading\" data-id=\"12b17d7\" data-element_type=\"widget\" data-e-type=\"widget\" data-widget_type=\"heading.default\">\n\t\t\t\t<div class=\"elementor-widget-container\">\n\t\t\t\t\t<h3 class=\"elementor-heading-title elementor-size-default\">Et pourquoi faire appel \u00e0 mes services ?<\/h3>\t\t\t\t<\/div>\n\t\t\t\t<\/div>\n\t\t\t\t\t<\/div>\n\t\t\t\t<\/div>\n\t\t<div class=\"elementor-element elementor-element-3119693 e-flex e-con-boxed e-con e-parent\" data-id=\"3119693\" data-element_type=\"container\" data-e-type=\"container\">\n\t\t\t\t\t<div class=\"e-con-inner\">\n\t\t<div class=\"elementor-element elementor-element-94a5a9d e-flex e-con-boxed e-con e-child\" data-id=\"94a5a9d\" data-element_type=\"container\" data-e-type=\"container\" data-settings=\"{&quot;background_background&quot;:&quot;classic&quot;}\">\n\t\t\t\t\t<div class=\"e-con-inner\">\n\t\t\t\t<div class=\"elementor-element elementor-element-b6b488a elementor-widget elementor-widget-image-box\" data-id=\"b6b488a\" data-element_type=\"widget\" data-e-type=\"widget\" data-widget_type=\"image-box.default\">\n\t\t\t\t<div class=\"elementor-widget-container\">\n\t\t\t\t\t<div class=\"elementor-image-box-wrapper\"><div class=\"elementor-image-box-content\"><h4 class=\"elementor-image-box-title\">une vision<\/h4><p class=\"elementor-image-box-description\">Ma vision et mon identit\u00e9 visuelle sont \u00e0 votre service pour concevoir des projets visuels percutants et significatifs ! Je suis la pour vous aider \u00e0 donner vie \u00e0 vos id\u00e9es et \u00e0 cr\u00e9er des images uniques qui refl\u00e8tent parfaitement votre entreprise ! Alors travaillons en \u00e9troite collaboration pour r\u00e9aliser des projets qui captiveront votre public et transmettront efficacement votre message.<\/p><\/div><\/div>\t\t\t\t<\/div>\n\t\t\t\t<\/div>\n\t\t\t\t<div class=\"elementor-element elementor-element-1ea32c7 elementor-widget elementor-widget-image-box\" data-id=\"1ea32c7\" data-element_type=\"widget\" data-e-type=\"widget\" data-widget_type=\"image-box.default\">\n\t\t\t\t<div class=\"elementor-widget-container\">\n\t\t\t\t\t<div class=\"elementor-image-box-wrapper\"><div class=\"elementor-image-box-content\"><h4 class=\"elementor-image-box-title\">Une expertise<\/h4><p class=\"elementor-image-box-description\">Forte d'une exp\u00e9rience mon domaine depuis quelques ann\u00e9es, j'ai \u00e0 c\u0153ur de vous faire part de mon expertise et de vous accompagner de A \u00e0 Z dans chacun de vos projets. Sp\u00e9cialis\u00e9 dans la technique photographique et la lumi\u00e8re, je veux avant tout r\u00e9aliser des images de qualit\u00e9 qui sauront mettre en valeur votre entreprise !<\/p><\/div><\/div>\t\t\t\t<\/div>\n\t\t\t\t<\/div>\n\t\t\t\t<div class=\"elementor-element elementor-element-11dec97 elementor-widget elementor-widget-image-box\" data-id=\"11dec97\" data-element_type=\"widget\" data-e-type=\"widget\" data-widget_type=\"image-box.default\">\n\t\t\t\t<div class=\"elementor-widget-container\">\n\t\t\t\t\t<div class=\"elementor-image-box-wrapper\"><div class=\"elementor-image-box-content\"><h4 class=\"elementor-image-box-title\">Un conseil<\/h4><p class=\"elementor-image-box-description\">Mon objectif est de m'assurer que votre entreprise soit repr\u00e9sent\u00e9e de mani\u00e8re coh\u00e9rente et professionnelle dans toutes vos communications. Je suis attentif \u00e0 votre identit\u00e9 visuelle et je tiens \u00e0 respecter votre charte graphique dans des campagnes de communication qui vous repr\u00e9sentent. Je suis l\u00e0 pour vous accompagner tout au long de ce processus de communication et de construction d'images de marque afin de vous d\u00e9marquer dans votre secteur d'activit\u00e9.<\/p><\/div><\/div>\t\t\t\t<\/div>\n\t\t\t\t<\/div>\n\t\t\t\t\t<\/div>\n\t\t\t\t<\/div>\n\t\t\t\t\t<\/div>\n\t\t\t\t<\/div>\n\t\t<div class=\"elementor-element elementor-element-87e9753 e-flex e-con-boxed e-con e-parent\" data-id=\"87e9753\" data-element_type=\"container\" data-e-type=\"container\" data-settings=\"{&quot;background_background&quot;:&quot;classic&quot;}\">\n\t\t\t\t\t<div class=\"e-con-inner\">\n\t\t\t\t<div class=\"elementor-element elementor-element-23745566 animated-slow elementor-invisible elementor-widget elementor-widget-heading\" data-id=\"23745566\" data-element_type=\"widget\" data-e-type=\"widget\" data-settings=\"{&quot;_animation&quot;:&quot;slideInUp&quot;}\" data-widget_type=\"heading.default\">\n\t\t\t\t<div class=\"elementor-widget-container\">\n\t\t\t\t\t<h2 class=\"elementor-heading-title elementor-size-default\">Reminiscence Stories<\/h2>\t\t\t\t<\/div>\n\t\t\t\t<\/div>\n\t\t\t\t<div class=\"elementor-element elementor-element-772c5f9d animated-slow elementor-invisible elementor-widget elementor-widget-heading\" data-id=\"772c5f9d\" data-element_type=\"widget\" data-e-type=\"widget\" data-settings=\"{&quot;_animation&quot;:&quot;slideInUp&quot;}\" data-widget_type=\"heading.default\">\n\t\t\t\t<div class=\"elementor-widget-container\">\n\t\t\t\t\t<h4 class=\"elementor-heading-title elementor-size-default\">Votre mariage est pr\u00e9vu pour bient\u00f4t ?<\/h4>\t\t\t\t<\/div>\n\t\t\t\t<\/div>\n\t\t\t\t<div class=\"elementor-element elementor-element-8141874 elementor-align-center elementor-widget elementor-widget-button\" data-id=\"8141874\" data-element_type=\"widget\" data-e-type=\"widget\" data-widget_type=\"button.default\">\n\t\t\t\t<div class=\"elementor-widget-container\">\n\t\t\t\t\t\t\t\t\t<div class=\"elementor-button-wrapper\">\n\t\t\t\t\t<a class=\"elementor-button elementor-button-link elementor-size-sm\" href=\"https:\/\/lauralyson.com\/index.php\/home\/photographe-de-mariage\/\">\n\t\t\t\t\t\t<span class=\"elementor-button-content-wrapper\">\n\t\t\t\t\t\t\t\t\t<span class=\"elementor-button-text\">Venez par ici !<\/span>\n\t\t\t\t\t<\/span>\n\t\t\t\t\t<\/a>\n\t\t\t\t<\/div>\n\t\t\t\t\t\t\t\t<\/div>\n\t\t\t\t<\/div>\n\t\t\t\t\t<\/div>\n\t\t\t\t<\/div>\n\t\t<div class=\"elementor-element elementor-element-ed2284d e-flex e-con-boxed e-con e-parent\" data-id=\"ed2284d\" data-element_type=\"container\" data-e-type=\"container\">\n\t\t\t\t\t<div class=\"e-con-inner\">\n\t\t<div class=\"elementor-element elementor-element-a6618a7 e-con-full e-flex e-con e-child\" data-id=\"a6618a7\" data-element_type=\"container\" data-e-type=\"container\">\n\t\t\t\t<div class=\"elementor-element elementor-element-dee1893 elementor-view-default elementor-widget elementor-widget-icon\" data-id=\"dee1893\" data-element_type=\"widget\" data-e-type=\"widget\" data-widget_type=\"icon.default\">\n\t\t\t\t<div class=\"elementor-widget-container\">\n\t\t\t\t\t\t\t<div class=\"elementor-icon-wrapper\">\n\t\t\t<a class=\"elementor-icon\" href=\"https:\/\/www.instagram.com\/lysonphotographe\/?hl=fr\">\n\t\t\t<i aria-hidden=\"true\" class=\"fab fa-instagram\"><\/i>\t\t\t<\/a>\n\t\t<\/div>\n\t\t\t\t\t\t<\/div>\n\t\t\t\t<\/div>\n\t\t\t\t<\/div>\n\t\t<div class=\"elementor-element elementor-element-badfb7e e-con-full e-flex e-con e-child\" data-id=\"badfb7e\" data-element_type=\"container\" data-e-type=\"container\">\n\t\t\t\t<div class=\"elementor-element elementor-element-4695ae5 elementor-align-center elementor-widget elementor-widget-button\" data-id=\"4695ae5\" data-element_type=\"widget\" data-e-type=\"widget\" data-widget_type=\"button.default\">\n\t\t\t\t<div class=\"elementor-widget-container\">\n\t\t\t\t\t\t\t\t\t<div class=\"elementor-button-wrapper\">\n\t\t\t\t\t<a class=\"elementor-button elementor-button-link elementor-size-lg\" href=\"https:\/\/lauralyson.com\/index.php\/home\/conditions-generales-de-vente\/\">\n\t\t\t\t\t\t<span class=\"elementor-button-content-wrapper\">\n\t\t\t\t\t\t\t\t\t<span class=\"elementor-button-text\">C.G.V<\/span>\n\t\t\t\t\t<\/span>\n\t\t\t\t\t<\/a>\n\t\t\t\t<\/div>\n\t\t\t\t\t\t\t\t<\/div>\n\t\t\t\t<\/div>\n\t\t\t\t<\/div>\n\t\t<div class=\"elementor-element elementor-element-7d2438c e-con-full e-flex e-con e-child\" data-id=\"7d2438c\" data-element_type=\"container\" data-e-type=\"container\">\n\t\t\t\t<div class=\"elementor-element elementor-element-7f81639 elementor-view-default elementor-widget elementor-widget-icon\" data-id=\"7f81639\" data-element_type=\"widget\" data-e-type=\"widget\" data-widget_type=\"icon.default\">\n\t\t\t\t<div class=\"elementor-widget-container\">\n\t\t\t\t\t\t\t<div class=\"elementor-icon-wrapper\">\n\t\t\t<a class=\"elementor-icon\" href=\"https:\/\/www.linkedin.com\/in\/laura-lyson-836456137\/\">\n\t\t\t<i aria-hidden=\"true\" class=\"fab fa-linkedin\"><\/i>\t\t\t<\/a>\n\t\t<\/div>\n\t\t\t\t\t\t<\/div>\n\t\t\t\t<\/div>\n\t\t\t\t<\/div>\n\t\t\t\t\t<\/div>\n\t\t\t\t<\/div>\n\t\t\t\t<\/div>\n\t\t","protected":false},"excerpt":{"rendered":"<p>LAURA LYSON PHOTOGRAPHE COMMERCIAL La photographie commerciale au service de votre entreprise ! Plongez dans mon univers visuel o\u00f9 chaque image raconte une histoire unique ! En tant que photographe commercial sp\u00e9cialis\u00e9 dans le packshot, l&#8217;architecture et le reportage, je mets mon expertise au service de entreprise. Que ce soit pour sublimer vos produits, capturer [&hellip;]<\/p>\n","protected":false},"author":1,"featured_media":0,"parent":0,"menu_order":0,"comment_status":"closed","ping_status":"closed","template":"","meta":{"footnotes":""},"class_list":["post-127","page","type-page","status-publish","hentry"],"_links":{"self":[{"href":"https:\/\/lauralyson.com\/index.php\/wp-json\/wp\/v2\/pages\/127","targetHints":{"allow":["GET"]}}],"collection":[{"href":"https:\/\/lauralyson.com\/index.php\/wp-json\/wp\/v2\/pages"}],"about":[{"href":"https:\/\/lauralyson.com\/index.php\/wp-json\/wp\/v2\/types\/page"}],"author":[{"embeddable":true,"href":"https:\/\/lauralyson.com\/index.php\/wp-json\/wp\/v2\/users\/1"}],"replies":[{"embeddable":true,"href":"https:\/\/lauralyson.com\/index.php\/wp-json\/wp\/v2\/comments?post=127"}],"version-history":[{"count":341,"href":"https:\/\/lauralyson.com\/index.php\/wp-json\/wp\/v2\/pages\/127\/revisions"}],"predecessor-version":[{"id":5201,"href":"https:\/\/lauralyson.com\/index.php\/wp-json\/wp\/v2\/pages\/127\/revisions\/5201"}],"wp:attachment":[{"href":"https:\/\/lauralyson.com\/index.php\/wp-json\/wp\/v2\/media?parent=127"}],"curies":[{"name":"wp","href":"https:\/\/api.w.org\/{rel}","templated":true}]}}