{"id":1996,"date":"2021-07-21T13:10:46","date_gmt":"2021-07-21T11:10:46","guid":{"rendered":"http:\/\/lauralyson.com\/?page_id=1996"},"modified":"2024-11-20T09:42:32","modified_gmt":"2024-11-20T08:42:32","slug":"contact","status":"publish","type":"page","link":"https:\/\/lauralyson.com\/index.php\/home\/contact\/","title":{"rendered":"CONTACT"},"content":{"rendered":"\t\t<div data-elementor-type=\"wp-page\" data-elementor-id=\"1996\" class=\"elementor elementor-1996\" data-elementor-post-type=\"page\">\n\t\t\t\t<div class=\"elementor-element elementor-element-MQ4ddFT e-flex e-con-boxed e-con e-parent\" data-id=\"MQ4ddFT\" data-element_type=\"container\" data-e-type=\"container\">\n\t\t\t\t\t<div class=\"e-con-inner\">\n\t\t<div class=\"elementor-element elementor-element-9h9bbh7 e-flex e-con-boxed e-con e-child\" data-id=\"9h9bbh7\" data-element_type=\"container\" data-e-type=\"container\">\n\t\t\t\t\t<div class=\"e-con-inner\">\n\t\t<div class=\"elementor-element elementor-element-F41VlkJ e-con-full e-flex e-con e-child\" data-id=\"F41VlkJ\" data-element_type=\"container\" data-e-type=\"container\">\n\t\t\t\t<div class=\"elementor-element elementor-element-c826e48 elementor-widget elementor-widget-image\" data-id=\"c826e48\" data-element_type=\"widget\" data-e-type=\"widget\" data-widget_type=\"image.default\">\n\t\t\t\t<div class=\"elementor-widget-container\">\n\t\t\t\t\t\t\t\t\t\t\t\t\t\t\t<img decoding=\"async\" src=\"https:\/\/lauralyson.com\/wp-content\/uploads\/elementor\/thumbs\/JKUB6735-1-nbBD-qxa3iw2p56t04ye8ftj6r9rl311pdfjk6g4h5t3i80.jpg\" title=\"JKUB6735-1 &#8211; nbBD\" alt=\"JKUB6735-1 - nbBD\" loading=\"lazy\" \/>\t\t\t\t\t\t\t\t\t\t\t\t\t\t\t<\/div>\n\t\t\t\t<\/div>\n\t\t\t\t<\/div>\n\t\t<div class=\"elementor-element elementor-element-o3ONT7z e-con-full e-flex e-con e-child\" data-id=\"o3ONT7z\" data-element_type=\"container\" data-e-type=\"container\">\n\t\t\t\t<div class=\"elementor-element elementor-element-Awe5NQ4 elementor-widget elementor-widget-heading\" data-id=\"Awe5NQ4\" data-element_type=\"widget\" data-e-type=\"widget\" data-widget_type=\"heading.default\">\n\t\t\t\t<div class=\"elementor-widget-container\">\n\t\t\t\t\t<h2 class=\"elementor-heading-title elementor-size-default\">A propos de moi<\/h2>\t\t\t\t<\/div>\n\t\t\t\t<\/div>\n\t\t\t\t<div class=\"elementor-element elementor-element-nJgLAF2 elementor-widget elementor-widget-text-editor\" data-id=\"nJgLAF2\" data-element_type=\"widget\" data-e-type=\"widget\" data-widget_type=\"text-editor.default\">\n\t\t\t\t<div class=\"elementor-widget-container\">\n\t\t\t\t\t\t\t\t\t<p>Bas\u00e9e dans la r\u00e9gion lyonnaise depuis 5 ans, je suis photographe professionnel sp\u00e9cialis\u00e9 en photographie publicitaire d&#8217;objet et d&#8217;architecture, avec une expertise d\u00e9velopp\u00e9e au fil de mes \u00e9tudes \u00e0 l&#8217;\u00c9cole de Cond\u00e9 et de plusieurs ann\u00e9es de pratique. Mon travail repose sur une approche m\u00ealant cr\u00e9ativit\u00e9, technicit\u00e9 et sensibilit\u00e9 artistique.<\/p><p>\u00a0<\/p><p>Inspir\u00e9e par la g\u00e9om\u00e9trie de l&#8217;espace, le cubisme et l&#8217;esth\u00e9tique du Bauhaus, je privil\u00e9gie les compositions pr\u00e9cises et structur\u00e9es qui mettent en valeur les lignes et les formes. En tant que consultante lors de tournages packshot, j&#8217;interviens en tant que Set Designer, cr\u00e9ant des mises en sc\u00e8ne adapt\u00e9es pour sublimer les produits. Mon expertise en tant que technicienne lumi\u00e8re, en studio comme en ext\u00e9rieur, me permet de travailler sur tout type de sujet pour donner \u00e0 chaque image une profondeur ma\u00eetris\u00e9e.<\/p><p>\u00a0<\/p><p>Parall\u00e8lement \u00e0 mon activit\u00e9 de photographe, je partage mes connaissances en tant que formatrice en photographie. J&#8217;accompagne passionn\u00e9s et professionnels dans leur apprentissage des techniques et dans l&#8217;affinement de leur regard artistique.<\/p><p>\u00a0<\/p><p>Je con\u00e7ois chaque projet comme une occasion d&#8217;explorer de nouvelles perspectives, de r\u00e9pondre aux attentes de mes clients et de cr\u00e9er des images distinctives, capables de captiver et de raconter une histoire. Mon objectif est de traduire avec pr\u00e9cision leur vision tout en apportant une touche personnelle qui refl\u00e8te mon approche esth\u00e9tique.<\/p>\t\t\t\t\t\t\t\t<\/div>\n\t\t\t\t<\/div>\n\t\t\t\t<\/div>\n\t\t\t\t\t<\/div>\n\t\t\t\t<\/div>\n\t\t\t\t\t<\/div>\n\t\t\t\t<\/div>\n\t\t<div class=\"elementor-element elementor-element-ca1342b e-flex e-con-boxed e-con e-parent\" data-id=\"ca1342b\" data-element_type=\"container\" data-e-type=\"container\">\n\t\t\t\t\t<div class=\"e-con-inner\">\n\t\t<div class=\"elementor-element elementor-element-0ad1ea7 e-flex e-con-boxed e-con e-child\" data-id=\"0ad1ea7\" data-element_type=\"container\" data-e-type=\"container\">\n\t\t\t\t\t<div class=\"e-con-inner\">\n\t\t<div class=\"elementor-element elementor-element-0c9ad12 e-con-full e-flex e-con e-child\" data-id=\"0c9ad12\" data-element_type=\"container\" data-e-type=\"container\">\n\t\t\t\t<div class=\"elementor-element elementor-element-8b21d71 elementor-view-default elementor-position-block-start elementor-mobile-position-block-start elementor-widget elementor-widget-icon-box\" data-id=\"8b21d71\" data-element_type=\"widget\" data-e-type=\"widget\" data-widget_type=\"icon-box.default\">\n\t\t\t\t<div class=\"elementor-widget-container\">\n\t\t\t\t\t\t\t<div class=\"elementor-icon-box-wrapper\">\n\n\t\t\t\t\t\t<div class=\"elementor-icon-box-icon\">\n\t\t\t\t<span  class=\"elementor-icon\">\n\t\t\t\t<i aria-hidden=\"true\" class=\"fas fa-envelope\"><\/i>\t\t\t\t<\/span>\n\t\t\t<\/div>\n\t\t\t\n\t\t\t\t\t\t<div class=\"elementor-icon-box-content\">\n\n\t\t\t\t\t\t\t\t\t<h3 class=\"elementor-icon-box-title\">\n\t\t\t\t\t\t<span  >\n\t\t\t\t\t\t\tEmail\t\t\t\t\t\t<\/span>\n\t\t\t\t\t<\/h3>\n\t\t\t\t\n\t\t\t\t\t\t\t\t\t<p class=\"elementor-icon-box-description\">\n\t\t\t\t\t\tPour toutes questions, n'h\u00e9sitez pas \u00e0 m'\u00e9crire \u00e0 cette adresse mail\t\t\t\t\t<\/p>\n\t\t\t\t\n\t\t\t<\/div>\n\t\t\t\n\t\t<\/div>\n\t\t\t\t\t\t<\/div>\n\t\t\t\t<\/div>\n\t\t\t\t<div class=\"elementor-element elementor-element-66356fc elementor-widget elementor-widget-text-editor\" data-id=\"66356fc\" data-element_type=\"widget\" data-e-type=\"widget\" data-widget_type=\"text-editor.default\">\n\t\t\t\t<div class=\"elementor-widget-container\">\n\t\t\t\t\t\t\t\t\t<p><span style=\"text-decoration: underline;\">lyson.laura.photographe@gmail.com<\/span><\/p>\t\t\t\t\t\t\t\t<\/div>\n\t\t\t\t<\/div>\n\t\t\t\t<\/div>\n\t\t<div class=\"elementor-element elementor-element-c514f45 e-con-full e-flex e-con e-child\" data-id=\"c514f45\" data-element_type=\"container\" data-e-type=\"container\">\n\t\t\t\t<div class=\"elementor-element elementor-element-a289880 elementor-view-default elementor-position-block-start elementor-mobile-position-block-start elementor-widget elementor-widget-icon-box\" data-id=\"a289880\" data-element_type=\"widget\" data-e-type=\"widget\" data-widget_type=\"icon-box.default\">\n\t\t\t\t<div class=\"elementor-widget-container\">\n\t\t\t\t\t\t\t<div class=\"elementor-icon-box-wrapper\">\n\n\t\t\t\t\t\t<div class=\"elementor-icon-box-icon\">\n\t\t\t\t<span  class=\"elementor-icon\">\n\t\t\t\t<i aria-hidden=\"true\" class=\"fas fa-phone-alt\"><\/i>\t\t\t\t<\/span>\n\t\t\t<\/div>\n\t\t\t\n\t\t\t\t\t\t<div class=\"elementor-icon-box-content\">\n\n\t\t\t\t\t\t\t\t\t<h3 class=\"elementor-icon-box-title\">\n\t\t\t\t\t\t<span  >\n\t\t\t\t\t\t\tT\u00e9l\u00e9phone\t\t\t\t\t\t<\/span>\n\t\t\t\t\t<\/h3>\n\t\t\t\t\n\t\t\t\t\t\t\t\t\t<p class=\"elementor-icon-box-description\">\n\t\t\t\t\t\tPour nous joindre, appelez moi \u00e0 ce num\u00e9ro\t\t\t\t\t<\/p>\n\t\t\t\t\n\t\t\t<\/div>\n\t\t\t\n\t\t<\/div>\n\t\t\t\t\t\t<\/div>\n\t\t\t\t<\/div>\n\t\t\t\t<div class=\"elementor-element elementor-element-824c6bc elementor-widget elementor-widget-text-editor\" data-id=\"824c6bc\" data-element_type=\"widget\" data-e-type=\"widget\" data-widget_type=\"text-editor.default\">\n\t\t\t\t<div class=\"elementor-widget-container\">\n\t\t\t\t\t\t\t\t\t<p>06 66 16 71 64<\/p>\t\t\t\t\t\t\t\t<\/div>\n\t\t\t\t<\/div>\n\t\t\t\t<\/div>\n\t\t<div class=\"elementor-element elementor-element-2dbc7a1 e-con-full e-flex e-con e-child\" data-id=\"2dbc7a1\" data-element_type=\"container\" data-e-type=\"container\">\n\t\t\t\t<div class=\"elementor-element elementor-element-abb56c0 elementor-view-default elementor-position-block-start elementor-mobile-position-block-start elementor-widget elementor-widget-icon-box\" data-id=\"abb56c0\" data-element_type=\"widget\" data-e-type=\"widget\" data-widget_type=\"icon-box.default\">\n\t\t\t\t<div class=\"elementor-widget-container\">\n\t\t\t\t\t\t\t<div class=\"elementor-icon-box-wrapper\">\n\n\t\t\t\t\t\t<div class=\"elementor-icon-box-icon\">\n\t\t\t\t<span  class=\"elementor-icon\">\n\t\t\t\t<i aria-hidden=\"true\" class=\"fas fa-comment-alt\"><\/i>\t\t\t\t<\/span>\n\t\t\t<\/div>\n\t\t\t\n\t\t\t\t\t\t<div class=\"elementor-icon-box-content\">\n\n\t\t\t\t\t\t\t\t\t<h3 class=\"elementor-icon-box-title\">\n\t\t\t\t\t\t<span  >\n\t\t\t\t\t\t\tR\u00e9seaux\t\t\t\t\t\t<\/span>\n\t\t\t\t\t<\/h3>\n\t\t\t\t\n\t\t\t\t\t\t\t\t\t<p class=\"elementor-icon-box-description\">\n\t\t\t\t\t\tSuivez moi pour sur les r\u00e9seaux sociaux !\t\t\t\t\t<\/p>\n\t\t\t\t\n\t\t\t<\/div>\n\t\t\t\n\t\t<\/div>\n\t\t\t\t\t\t<\/div>\n\t\t\t\t<\/div>\n\t\t\t\t<div class=\"elementor-element elementor-element-8230d40 elementor-widget elementor-widget-text-editor\" data-id=\"8230d40\" data-element_type=\"widget\" data-e-type=\"widget\" data-widget_type=\"text-editor.default\">\n\t\t\t\t<div class=\"elementor-widget-container\">\n\t\t\t\t\t\t\t\t\t<p><a href=\"https:\/\/www.instagram.com\/lysonphotographe\/?hl=fr\">@lysonphotographe<\/a><\/p><p><a href=\"https:\/\/www.instagram.com\/reminiscence.stories\/?hl=fr\">@reminiscence.stories<\/a><\/p><p><a href=\"https:\/\/www.linkedin.com\/in\/laura-lyson-836456137\/\">LinkedIn<\/a><\/p>\t\t\t\t\t\t\t\t<\/div>\n\t\t\t\t<\/div>\n\t\t\t\t<\/div>\n\t\t\t\t\t<\/div>\n\t\t\t\t<\/div>\n\t\t\t\t\t<\/div>\n\t\t\t\t<\/div>\n\t\t<div class=\"elementor-element elementor-element-9mzP9Xx e-flex e-con-boxed e-con e-parent\" data-id=\"9mzP9Xx\" data-element_type=\"container\" data-e-type=\"container\">\n\t\t\t\t\t<div class=\"e-con-inner\">\n\t\t<div class=\"elementor-element elementor-element-VTFyQLB e-con-full e-flex e-con e-child\" data-id=\"VTFyQLB\" data-element_type=\"container\" data-e-type=\"container\">\n\t\t\t\t<div class=\"elementor-element elementor-element-UXR5liN elementor-widget elementor-widget-heading\" data-id=\"UXR5liN\" data-element_type=\"widget\" data-e-type=\"widget\" data-widget_type=\"heading.default\">\n\t\t\t\t<div class=\"elementor-widget-container\">\n\t\t\t\t\t<h2 class=\"elementor-heading-title elementor-size-default\">Mes services<\/h2>\t\t\t\t<\/div>\n\t\t\t\t<\/div>\n\t\t\t\t<div class=\"elementor-element elementor-element-ER4HoLv elementor-widget__width-initial elementor-widget elementor-widget-heading\" data-id=\"ER4HoLv\" data-element_type=\"widget\" data-e-type=\"widget\" data-widget_type=\"heading.default\">\n\t\t\t\t<div class=\"elementor-widget-container\">\n\t\t\t\t\t<h5 class=\"elementor-heading-title elementor-size-default\">Voici un bref aper\u00e7u des principaux services que je vous propose<\/h5>\t\t\t\t<\/div>\n\t\t\t\t<\/div>\n\t\t\t\t<\/div>\n\t\t<div class=\"elementor-element elementor-element-3S7JFPh e-con-full e-flex e-con e-child\" data-id=\"3S7JFPh\" data-element_type=\"container\" data-e-type=\"container\">\n\t\t\t\t<div class=\"elementor-element elementor-element-7LThQld elementor-widget-tablet__width-initial elementor-widget-mobile__width-inherit elementor-widget__width-initial elementor-position-top elementor-widget elementor-widget-image-box\" data-id=\"7LThQld\" data-element_type=\"widget\" data-e-type=\"widget\" data-widget_type=\"image-box.default\">\n\t\t\t\t<div class=\"elementor-widget-container\">\n\t\t\t\t\t<div class=\"elementor-image-box-wrapper\"><figure class=\"elementor-image-box-img\"><img fetchpriority=\"high\" decoding=\"async\" width=\"410\" height=\"410\" src=\"https:\/\/lauralyson.com\/wp-content\/uploads\/2024\/11\/ROUSSEAU-Johann-Producteurs-Locaux-Grand-Est-031220-13-scaled-e1730558275488-570x570.jpg\" class=\"elementor-animation-grow attachment-medium size-medium wp-image-4579\" alt=\"\" srcset=\"https:\/\/lauralyson.com\/wp-content\/uploads\/2024\/11\/ROUSSEAU-Johann-Producteurs-Locaux-Grand-Est-031220-13-scaled-e1730558275488-570x570.jpg 570w, https:\/\/lauralyson.com\/wp-content\/uploads\/2024\/11\/ROUSSEAU-Johann-Producteurs-Locaux-Grand-Est-031220-13-scaled-e1730558275488-160x160.jpg 160w, https:\/\/lauralyson.com\/wp-content\/uploads\/2024\/11\/ROUSSEAU-Johann-Producteurs-Locaux-Grand-Est-031220-13-scaled-e1730558275488-300x300.jpg 300w, https:\/\/lauralyson.com\/wp-content\/uploads\/2024\/11\/ROUSSEAU-Johann-Producteurs-Locaux-Grand-Est-031220-13-scaled-e1730558275488-100x100.jpg 100w, https:\/\/lauralyson.com\/wp-content\/uploads\/2024\/11\/ROUSSEAU-Johann-Producteurs-Locaux-Grand-Est-031220-13-scaled-e1730558275488-270x270.jpg 270w, https:\/\/lauralyson.com\/wp-content\/uploads\/2024\/11\/ROUSSEAU-Johann-Producteurs-Locaux-Grand-Est-031220-13-scaled-e1730558275488-370x370.jpg 370w, https:\/\/lauralyson.com\/wp-content\/uploads\/2024\/11\/ROUSSEAU-Johann-Producteurs-Locaux-Grand-Est-031220-13-scaled-e1730558275488-900x900.jpg 900w, https:\/\/lauralyson.com\/wp-content\/uploads\/2024\/11\/ROUSSEAU-Johann-Producteurs-Locaux-Grand-Est-031220-13-scaled-e1730558275488-80x80.jpg 80w\" sizes=\"(max-width: 410px) 100vw, 410px\" \/><\/figure><div class=\"elementor-image-box-content\"><h4 class=\"elementor-image-box-title\">Photographe <\/h4><p class=\"elementor-image-box-description\">Photographe pour les professionnels et les particuliers <\/p><\/div><\/div>\t\t\t\t<\/div>\n\t\t\t\t<\/div>\n\t\t\t\t<div class=\"elementor-element elementor-element-lDtGHBi elementor-widget-tablet__width-initial elementor-widget-mobile__width-inherit elementor-widget__width-initial elementor-position-top elementor-widget elementor-widget-image-box\" data-id=\"lDtGHBi\" data-element_type=\"widget\" data-e-type=\"widget\" data-widget_type=\"image-box.default\">\n\t\t\t\t<div class=\"elementor-widget-container\">\n\t\t\t\t\t<div class=\"elementor-image-box-wrapper\"><figure class=\"elementor-image-box-img\"><img decoding=\"async\" src=\"https:\/\/lauralyson.com\/wp-content\/uploads\/elementor\/thumbs\/pexels-cottonbro-6804867-qxa7twmobuvokxbeniosdikz53t0ps4mx8qvzt0ivc.jpg\" title=\"pexels-cottonbro-6804867\" alt=\"pexels-cottonbro-6804867\" class=\"elementor-animation-grow\" loading=\"lazy\" \/><\/figure><div class=\"elementor-image-box-content\"><h4 class=\"elementor-image-box-title\">Set Designer<\/h4><p class=\"elementor-image-box-description\">Sp\u00e9cialiste en sc\u00e9nographie d'objet pour vos projets publicitaire<\/p><\/div><\/div>\t\t\t\t<\/div>\n\t\t\t\t<\/div>\n\t\t\t\t<div class=\"elementor-element elementor-element-cvX88s2 elementor-widget-tablet__width-initial elementor-widget-mobile__width-inherit elementor-widget__width-initial elementor-position-top elementor-widget elementor-widget-image-box\" data-id=\"cvX88s2\" data-element_type=\"widget\" data-e-type=\"widget\" data-widget_type=\"image-box.default\">\n\t\t\t\t<div class=\"elementor-widget-container\">\n\t\t\t\t\t<div class=\"elementor-image-box-wrapper\"><figure class=\"elementor-image-box-img\"><img decoding=\"async\" src=\"https:\/\/lauralyson.com\/wp-content\/uploads\/elementor\/thumbs\/pexels-alphaen-25526521-qxa7tq1t00mobnkypxuee28qzepg7weikc6hmvaa2w.jpg\" title=\"pexels-alphaen-25526521\" alt=\"pexels-alphaen-25526521\" class=\"elementor-animation-grow\" loading=\"lazy\" \/><\/figure><div class=\"elementor-image-box-content\"><h4 class=\"elementor-image-box-title\">Technicienne lumi\u00e8re<\/h4><p class=\"elementor-image-box-description\">Technicienne en lumi\u00e8re sur tout type de sujet<\/p><\/div><\/div>\t\t\t\t<\/div>\n\t\t\t\t<\/div>\n\t\t\t\t<div class=\"elementor-element elementor-element-d85f886 elementor-widget-tablet__width-initial elementor-widget-mobile__width-inherit elementor-widget__width-initial elementor-position-top elementor-widget elementor-widget-image-box\" data-id=\"d85f886\" data-element_type=\"widget\" data-e-type=\"widget\" data-widget_type=\"image-box.default\">\n\t\t\t\t<div class=\"elementor-widget-container\">\n\t\t\t\t\t<div class=\"elementor-image-box-wrapper\"><figure class=\"elementor-image-box-img\"><img decoding=\"async\" src=\"https:\/\/lauralyson.com\/wp-content\/uploads\/elementor\/thumbs\/pexels-jibarofoto-11962265-scaled-qxa9qt6rbn7dnv89asx8nmmesy6nz0oa2ad9h0ukqw.jpg\" title=\"pexels-jibarofoto-11962265\" alt=\"pexels-jibarofoto-11962265\" class=\"elementor-animation-grow\" loading=\"lazy\" \/><\/figure><div class=\"elementor-image-box-content\"><h4 class=\"elementor-image-box-title\">Formatrice<\/h4><p class=\"elementor-image-box-description\">Formatrice en photographie pour les d\u00e9butants et les professionnel de l'image<\/p><\/div><\/div>\t\t\t\t<\/div>\n\t\t\t\t<\/div>\n\t\t\t\t<\/div>\n\t\t\t\t\t<\/div>\n\t\t\t\t<\/div>\n\t\t<div class=\"elementor-element elementor-element-2a0SLkT e-flex e-con-boxed e-con e-parent\" data-id=\"2a0SLkT\" data-element_type=\"container\" data-e-type=\"container\">\n\t\t\t\t\t<div class=\"e-con-inner\">\n\t\t<div class=\"elementor-element elementor-element-jFf3Y2l e-con-full e-flex e-con e-child\" data-id=\"jFf3Y2l\" data-element_type=\"container\" data-e-type=\"container\">\n\t\t\t\t<div class=\"elementor-element elementor-element-yhq5xZj elementor-widget elementor-widget-google_maps\" data-id=\"yhq5xZj\" data-element_type=\"widget\" data-e-type=\"widget\" data-widget_type=\"google_maps.default\">\n\t\t\t\t<div class=\"elementor-widget-container\">\n\t\t\t\t\t\t\t<div class=\"elementor-custom-embed\">\n\t\t\t<iframe loading=\"lazy\"\n\t\t\t\t\tsrc=\"https:\/\/maps.google.com\/maps?q=Lyon&#038;t=m&#038;z=9&#038;output=embed&#038;iwloc=near\"\n\t\t\t\t\ttitle=\"Lyon\"\n\t\t\t\t\taria-label=\"Lyon\"\n\t\t\t><\/iframe>\n\t\t<\/div>\n\t\t\t\t\t\t<\/div>\n\t\t\t\t<\/div>\n\t\t\t\t<\/div>\n\t\t<div class=\"elementor-element elementor-element-ktUvAl3 e-con-full e-flex e-con e-child\" data-id=\"ktUvAl3\" data-element_type=\"container\" data-e-type=\"container\">\n\t\t\t\t<div class=\"elementor-element elementor-element-TXifewf elementor-widget elementor-widget-heading\" data-id=\"TXifewf\" data-element_type=\"widget\" data-e-type=\"widget\" data-widget_type=\"heading.default\">\n\t\t\t\t<div class=\"elementor-widget-container\">\n\t\t\t\t\t<h2 class=\"elementor-heading-title elementor-size-default\">Formulaire de contact<\/h2>\t\t\t\t<\/div>\n\t\t\t\t<\/div>\n\t\t\t\t<div class=\"elementor-element elementor-element-W7h77Y1 elementor-widget elementor-widget-heading\" data-id=\"W7h77Y1\" data-element_type=\"widget\" data-e-type=\"widget\" data-widget_type=\"heading.default\">\n\t\t\t\t<div class=\"elementor-widget-container\">\n\t\t\t\t\t<h2 class=\"elementor-heading-title elementor-size-default\">Restons en contact !<\/h2>\t\t\t\t<\/div>\n\t\t\t\t<\/div>\n\t\t\t\t<div class=\"elementor-element elementor-element-rKao4R1 elementor-widget elementor-widget-text-editor\" data-id=\"rKao4R1\" data-element_type=\"widget\" data-e-type=\"widget\" data-widget_type=\"text-editor.default\">\n\t\t\t\t<div class=\"elementor-widget-container\">\n\t\t\t\t\t\t\t\t\t<p>Contactez moi d\u00e8s l&#8217;\u00e9laboration de votre projet afin que nous puissions avancer ensemble.<\/p>\t\t\t\t\t\t\t\t<\/div>\n\t\t\t\t<\/div>\n\t\t\t\t<div class=\"elementor-element elementor-element-rRelLTN elementor-mobile-button-align-stretch elementor-button-align-stretch elementor-widget elementor-widget-form\" data-id=\"rRelLTN\" data-element_type=\"widget\" data-e-type=\"widget\" data-settings=\"{&quot;step_next_label&quot;:&quot;Next&quot;,&quot;step_previous_label&quot;:&quot;Previous&quot;,&quot;button_width&quot;:&quot;100&quot;,&quot;step_type&quot;:&quot;number_text&quot;,&quot;step_icon_shape&quot;:&quot;circle&quot;}\" data-widget_type=\"form.default\">\n\t\t\t\t<div class=\"elementor-widget-container\">\n\t\t\t\t\t\t\t<form class=\"elementor-form\" method=\"post\" name=\"New Form\" aria-label=\"New Form\">\n\t\t\t<input type=\"hidden\" name=\"post_id\" value=\"1996\"\/>\n\t\t\t<input type=\"hidden\" name=\"form_id\" value=\"rRelLTN\"\/>\n\t\t\t<input type=\"hidden\" name=\"referer_title\" value=\"CONTACTLaura Lyson\" \/>\n\n\t\t\t\t\t\t\t<input type=\"hidden\" name=\"queried_id\" value=\"1996\"\/>\n\t\t\t\n\t\t\t<div class=\"elementor-form-fields-wrapper elementor-labels-above\">\n\t\t\t\t\t\t\t\t<div class=\"elementor-field-type-text elementor-field-group elementor-column elementor-field-group-name elementor-col-100\">\n\t\t\t\t\t\t\t\t\t\t\t\t<label for=\"form-field-name\" class=\"elementor-field-label\">\n\t\t\t\t\t\t\t\tNom et Pr\u00e9nom\t\t\t\t\t\t\t<\/label>\n\t\t\t\t\t\t\t\t\t\t\t\t\t\t<input size=\"1\" type=\"text\" name=\"form_fields[name]\" id=\"form-field-name\" class=\"elementor-field elementor-size-sm  elementor-field-textual\">\n\t\t\t\t\t\t\t\t\t\t\t<\/div>\n\t\t\t\t\t\t\t\t<div class=\"elementor-field-type-email elementor-field-group elementor-column elementor-field-group-email elementor-col-100 elementor-field-required\">\n\t\t\t\t\t\t\t\t\t\t\t\t<label for=\"form-field-email\" class=\"elementor-field-label\">\n\t\t\t\t\t\t\t\tEmail\t\t\t\t\t\t\t<\/label>\n\t\t\t\t\t\t\t\t\t\t\t\t\t\t<input size=\"1\" type=\"email\" name=\"form_fields[email]\" id=\"form-field-email\" class=\"elementor-field elementor-size-sm  elementor-field-textual\" required=\"required\">\n\t\t\t\t\t\t\t\t\t\t\t<\/div>\n\t\t\t\t\t\t\t\t<div class=\"elementor-field-type-tel elementor-field-group elementor-column elementor-field-group-field_402bb85 elementor-col-100\">\n\t\t\t\t\t\t\t\t\t\t\t\t<label for=\"form-field-field_402bb85\" class=\"elementor-field-label\">\n\t\t\t\t\t\t\t\tT\u00e9l\u00e9phone\t\t\t\t\t\t\t<\/label>\n\t\t\t\t\t\t\t\t<input size=\"1\" type=\"tel\" name=\"form_fields[field_402bb85]\" id=\"form-field-field_402bb85\" class=\"elementor-field elementor-size-sm  elementor-field-textual\" pattern=\"[0-9()#&amp;+*-=.]+\" title=\"Only numbers and phone characters (#, -, *, etc) are accepted.\">\n\n\t\t\t\t\t\t<\/div>\n\t\t\t\t\t\t\t\t<div class=\"elementor-field-type-select elementor-field-group elementor-column elementor-field-group-field_0901e1a elementor-col-100\">\n\t\t\t\t\t\t\t\t\t\t\t\t<label for=\"form-field-field_0901e1a\" class=\"elementor-field-label\">\n\t\t\t\t\t\t\t\tQui \u00eates-vous ?\t\t\t\t\t\t\t<\/label>\n\t\t\t\t\t\t\t\t<div class=\"elementor-field elementor-select-wrapper remove-before \">\n\t\t\t<div class=\"select-caret-down-wrapper\">\n\t\t\t\t<i aria-hidden=\"true\" class=\"eicon-caret-down\"><\/i>\t\t\t<\/div>\n\t\t\t<select name=\"form_fields[field_0901e1a]\" id=\"form-field-field_0901e1a\" class=\"elementor-field-textual elementor-size-sm\">\n\t\t\t\t\t\t\t\t\t<option value=\"Professionnel\">Professionnel<\/option>\n\t\t\t\t\t\t\t\t\t<option value=\"Particulier \">Particulier <\/option>\n\t\t\t\t\t\t\t<\/select>\n\t\t<\/div>\n\t\t\t\t\t\t<\/div>\n\t\t\t\t\t\t\t\t<div class=\"elementor-field-type-textarea elementor-field-group elementor-column elementor-field-group-message elementor-col-100\">\n\t\t\t\t\t\t\t\t\t\t\t\t<label for=\"form-field-message\" class=\"elementor-field-label\">\n\t\t\t\t\t\t\t\tVotre message\t\t\t\t\t\t\t<\/label>\n\t\t\t\t\t\t<textarea class=\"elementor-field-textual elementor-field  elementor-size-sm\" name=\"form_fields[message]\" id=\"form-field-message\" rows=\"4\" placeholder=\"Dites moi en plus ! \"><\/textarea>\t\t\t\t<\/div>\n\t\t\t\t\t\t\t\t<div class=\"elementor-field-group elementor-column elementor-field-type-submit elementor-col-100 e-form__buttons\">\n\t\t\t\t\t<button class=\"elementor-button elementor-size-sm\" type=\"submit\">\n\t\t\t\t\t\t<span class=\"elementor-button-content-wrapper\">\n\t\t\t\t\t\t\t\t\t\t\t\t\t\t\t\t\t\t\t\t\t\t<span class=\"elementor-button-text\">Envoyer<\/span>\n\t\t\t\t\t\t\t\t\t\t\t\t\t<\/span>\n\t\t\t\t\t<\/button>\n\t\t\t\t<\/div>\n\t\t\t<\/div>\n\t\t<\/form>\n\t\t\t\t\t\t<\/div>\n\t\t\t\t<\/div>\n\t\t\t\t<\/div>\n\t\t\t\t\t<\/div>\n\t\t\t\t<\/div>\n\t\t\t\t<\/div>\n\t\t","protected":false},"excerpt":{"rendered":"<p>A propos de moi Bas\u00e9e dans la r\u00e9gion lyonnaise depuis 5 ans, je suis photographe professionnel sp\u00e9cialis\u00e9 en photographie publicitaire d&#8217;objet et d&#8217;architecture, avec une expertise d\u00e9velopp\u00e9e au fil de mes \u00e9tudes \u00e0 l&#8217;\u00c9cole de Cond\u00e9 et de plusieurs ann\u00e9es de pratique. Mon travail repose sur une approche m\u00ealant cr\u00e9ativit\u00e9, technicit\u00e9 et sensibilit\u00e9 artistique. \u00a0 [&hellip;]<\/p>\n","protected":false},"author":1,"featured_media":0,"parent":127,"menu_order":0,"comment_status":"closed","ping_status":"closed","template":"","meta":{"footnotes":""},"class_list":["post-1996","page","type-page","status-publish","hentry"],"_links":{"self":[{"href":"https:\/\/lauralyson.com\/index.php\/wp-json\/wp\/v2\/pages\/1996","targetHints":{"allow":["GET"]}}],"collection":[{"href":"https:\/\/lauralyson.com\/index.php\/wp-json\/wp\/v2\/pages"}],"about":[{"href":"https:\/\/lauralyson.com\/index.php\/wp-json\/wp\/v2\/types\/page"}],"author":[{"embeddable":true,"href":"https:\/\/lauralyson.com\/index.php\/wp-json\/wp\/v2\/users\/1"}],"replies":[{"embeddable":true,"href":"https:\/\/lauralyson.com\/index.php\/wp-json\/wp\/v2\/comments?post=1996"}],"version-history":[{"count":129,"href":"https:\/\/lauralyson.com\/index.php\/wp-json\/wp\/v2\/pages\/1996\/revisions"}],"predecessor-version":[{"id":5230,"href":"https:\/\/lauralyson.com\/index.php\/wp-json\/wp\/v2\/pages\/1996\/revisions\/5230"}],"up":[{"embeddable":true,"href":"https:\/\/lauralyson.com\/index.php\/wp-json\/wp\/v2\/pages\/127"}],"wp:attachment":[{"href":"https:\/\/lauralyson.com\/index.php\/wp-json\/wp\/v2\/media?parent=1996"}],"curies":[{"name":"wp","href":"https:\/\/api.w.org\/{rel}","templated":true}]}}